{"id":8,"date":"2025-02-01T15:42:36","date_gmt":"2025-02-01T14:42:36","guid":{"rendered":"https:\/\/www.kniharstvihradec.cz\/?page_id=8"},"modified":"2025-02-01T20:02:38","modified_gmt":"2025-02-01T19:02:38","slug":"vazba-diplomovych-praci","status":"publish","type":"page","link":"https:\/\/www.kniharstvihradec.cz\/","title":{"rendered":"Vazba diplomov\u00fdch prac\u00ed"},"content":{"rendered":"\n<div class=\"wp-block-group\"><div class=\"wp-block-group__inner-container is-layout-constrained wp-block-group-is-layout-constrained\">\n<p>Prov\u00e1d\u00edme tisk a vazbu bakal\u00e1\u0159sk\u00fdch, diplomov\u00fdch a jin\u00fdch prac\u00ed.<\/p>\n\n\n\n<ol class=\"wp-block-list\">\n<li class=\"has-medium-font-size\">V\u00fdb\u011br kombinace barvy desek a p\u00edsma \n<ul class=\"wp-block-list\">\n<li>Barva desek &#8211; modr\u00e1, \u010derven\u00e1, hn\u011bd\u00e1, \u010dern\u00e1, zelen\u00e1, v\u00ednov\u00e1, pl\u00e1tno modr\u00e9\/\u010dern\u00e9<\/li>\n\n\n\n<li>Barva p\u00edsma &#8211; zlat\u00e9, st\u0159\u00edbrn\u00e9<\/li>\n<\/ul>\n<\/li>\n\n\n\n<li class=\"has-medium-font-size\">Vyps\u00e1n\u00ed textu na prvn\u00ed stranu desek ( b\u00fdv\u00e1 stanoveno v podm\u00ednk\u00e1ch pro odevzd\u00e1n\u00ed pr\u00e1ce )\n<ul class=\"wp-block-list\">\n<li>N\u00e1zev \u0161koly ( univerzity ) <\/li>\n\n\n\n<li>N\u00e1zev fakulty<\/li>\n\n\n\n<li>Text: &#8222;Diplomov\u00e1 pr\u00e1ce&#8220;<\/li>\n\n\n\n<li>Rok ( p\u0159\u00edpadn\u011b i m\u011bsto ) | Jm\u00e9no autora<\/li>\n<\/ul>\n<\/li>\n\n\n\n<li style=\"font-style:normal;font-weight:500\" class=\"has-medium-font-size\">Stanoven\u00ed po\u010dtu kus\u016f hotov\u00fdch diplomov\u00fdch prac\u00ed<\/li>\n\n\n\n<li style=\"font-style:normal;font-weight:500\" class=\"has-medium-font-size\">Samotn\u00fd obsah pr\u00e1ce v elektornick\u00e9m form\u00e1tu &#8211; ide\u00e1ln\u011b PDF ( <a href=\"http:\/\/www.slunecnice.cz\/sw\/pdfcreator\/\" target=\"_blank\" rel=\"noreferrer noopener\">PDFCreator ke sta\u017een\u00ed<\/a> )<\/li>\n\n\n\n<li style=\"font-style:normal;font-weight:500\" class=\"has-medium-font-size\">Odesl\u00e1n\u00ed mailu s v\u00fd\u0161e uveden\u00fdmi \u00fadaji, obsahem pr\u00e1ce a telefon\u00edm \u010d\u00edslem na n\u00e1\u0161 <a href=\"http:\/\/www.kniharstvihradec.cz\/kontakt\/\">mail&nbsp;<\/a><\/li>\n\n\n\n<li style=\"font-style:normal;font-weight:500\" class=\"has-medium-font-size\">Zavol\u00e1me V\u00e1m pro potvrzen\u00ed objedn\u00e1vky a pro domluvu term\u00ednu vyzvednut\u00ed ( p\u0159\u00edpadn\u011b kontroly po vyti\u0161t\u011bn\u00ed )<\/li>\n\n\n\n<li style=\"font-style:normal;font-weight:500\" class=\"has-medium-font-size\">Vyzvednete si sv\u00e1zan\u00e9 diplomov\u00e9 pr\u00e1ce<\/li>\n<\/ol>\n<\/div><\/div>\n\n\n\n<p><strong>Sv\u00e1\u017eeme a\u017e 500 list\u016f.<\/strong><\/p>\n\n\n\n<p><strong>P\u0159i vazb\u011b 200 a v\u00edce list\u016f doporu\u010dujeme se 2 dny p\u0159edem domluvit na p\u0159\u00edprav\u011b desek s \u0161ir\u0161\u00edm h\u0159betem.<\/strong><\/p>\n\n\n\n<p><strong>P\u0159i vazb\u011b 200 a v\u00edce list\u016f \u00fa\u010dtujeme p\u0159\u00edplatek od 60,- K\u010d dle celkov\u00e9ho mno\u017estv\u00ed list\u016f.<\/strong><\/p>\n\n\n\n<p><\/p>\n","protected":false},"excerpt":{"rendered":"<p>Prov\u00e1d\u00edme tisk a vazbu bakal\u00e1\u0159sk\u00fdch, diplomov\u00fdch a jin\u00fdch prac\u00ed. Sv\u00e1\u017eeme a\u017e 500 list\u016f. P\u0159i vazb\u011b 200 a v\u00edce list\u016f doporu\u010dujeme se 2 dny p\u0159edem domluvit na p\u0159\u00edprav\u011b desek s \u0161ir\u0161\u00edm h\u0159betem. P\u0159i vazb\u011b 200 a v\u00edce list\u016f \u00fa\u010dtujeme p\u0159\u00edplatek od 60,- K\u010d dle celkov\u00e9ho mno\u017estv\u00ed list\u016f.<\/p>\n","protected":false},"author":1,"featured_media":0,"parent":0,"menu_order":0,"comment_status":"closed","ping_status":"closed","template":"","meta":{"footnotes":""},"class_list":["post-8","page","type-page","status-publish","hentry","entry"],"_links":{"self":[{"href":"https:\/\/www.kniharstvihradec.cz\/index.php?rest_route=\/wp\/v2\/pages\/8","targetHints":{"allow":["GET"]}}],"collection":[{"href":"https:\/\/www.kniharstvihradec.cz\/index.php?rest_route=\/wp\/v2\/pages"}],"about":[{"href":"https:\/\/www.kniharstvihradec.cz\/index.php?rest_route=\/wp\/v2\/types\/page"}],"author":[{"embeddable":true,"href":"https:\/\/www.kniharstvihradec.cz\/index.php?rest_route=\/wp\/v2\/users\/1"}],"replies":[{"embeddable":true,"href":"https:\/\/www.kniharstvihradec.cz\/index.php?rest_route=%2Fwp%2Fv2%2Fcomments&post=8"}],"version-history":[{"count":3,"href":"https:\/\/www.kniharstvihradec.cz\/index.php?rest_route=\/wp\/v2\/pages\/8\/revisions"}],"predecessor-version":[{"id":65,"href":"https:\/\/www.kniharstvihradec.cz\/index.php?rest_route=\/wp\/v2\/pages\/8\/revisions\/65"}],"wp:attachment":[{"href":"https:\/\/www.kniharstvihradec.cz\/index.php?rest_route=%2Fwp%2Fv2%2Fmedia&parent=8"}],"curies":[{"name":"wp","href":"https:\/\/api.w.org\/{rel}","templated":true}]}}