{"id":62,"date":"2025-02-01T19:56:24","date_gmt":"2025-02-01T18:56:24","guid":{"rendered":"https:\/\/www.kniharstvihradec.cz\/?page_id=62"},"modified":"2025-02-01T19:56:24","modified_gmt":"2025-02-01T18:56:24","slug":"svatebni-oznameni","status":"publish","type":"page","link":"https:\/\/www.kniharstvihradec.cz\/?page_id=62","title":{"rendered":"Svatebn\u00ed ozn\u00e1men\u00ed"},"content":{"rendered":"\n<p>Prov\u00e1d\u00edme tisk svatebn\u00edch ozn\u00e1men\u00ed na r\u016fzn\u00e9 druhy pap\u00edr\u016f s r\u016fzn\u00fdmi ornamenty a v r\u016fzn\u00fdch barv\u00e1ch.<\/p>\n\n\n\n<p>M\u016f\u017eeme V\u00e1m nab\u00eddnout od jednoduch\u00e9cho pozv\u00e1n\u00ed po slo\u017eit\u011b zdoben\u00e9, zlatem \u010di st\u0159\u00edbrem psan\u00e9 ozn\u00e1men\u00ed na pap\u00edr s hebv\u00e1bn\u00fdm vl\u00e1knem. Zavolejte a p\u0159i osobn\u00ed n\u00e1v\u0161t\u011bv\u011b si ur\u010dit\u011b vyberete.<\/p>\n\n\n\n<p><\/p>\n","protected":false},"excerpt":{"rendered":"<p>Prov\u00e1d\u00edme tisk svatebn\u00edch ozn\u00e1men\u00ed na r\u016fzn\u00e9 druhy pap\u00edr\u016f s r\u016fzn\u00fdmi ornamenty a v r\u016fzn\u00fdch barv\u00e1ch. M\u016f\u017eeme V\u00e1m nab\u00eddnout od jednoduch\u00e9cho pozv\u00e1n\u00ed po slo\u017eit\u011b zdoben\u00e9, zlatem \u010di st\u0159\u00edbrem psan\u00e9 ozn\u00e1men\u00ed na pap\u00edr s hebv\u00e1bn\u00fdm vl\u00e1knem. Zavolejte a p\u0159i osobn\u00ed n\u00e1v\u0161t\u011bv\u011b si ur\u010dit\u011b vyberete.<\/p>\n","protected":false},"author":1,"featured_media":0,"parent":0,"menu_order":0,"comment_status":"closed","ping_status":"closed","template":"","meta":{"footnotes":""},"class_list":["post-62","page","type-page","status-publish","hentry","entry"],"_links":{"self":[{"href":"https:\/\/www.kniharstvihradec.cz\/index.php?rest_route=\/wp\/v2\/pages\/62","targetHints":{"allow":["GET"]}}],"collection":[{"href":"https:\/\/www.kniharstvihradec.cz\/index.php?rest_route=\/wp\/v2\/pages"}],"about":[{"href":"https:\/\/www.kniharstvihradec.cz\/index.php?rest_route=\/wp\/v2\/types\/page"}],"author":[{"embeddable":true,"href":"https:\/\/www.kniharstvihradec.cz\/index.php?rest_route=\/wp\/v2\/users\/1"}],"replies":[{"embeddable":true,"href":"https:\/\/www.kniharstvihradec.cz\/index.php?rest_route=%2Fwp%2Fv2%2Fcomments&post=62"}],"version-history":[{"count":1,"href":"https:\/\/www.kniharstvihradec.cz\/index.php?rest_route=\/wp\/v2\/pages\/62\/revisions"}],"predecessor-version":[{"id":63,"href":"https:\/\/www.kniharstvihradec.cz\/index.php?rest_route=\/wp\/v2\/pages\/62\/revisions\/63"}],"wp:attachment":[{"href":"https:\/\/www.kniharstvihradec.cz\/index.php?rest_route=%2Fwp%2Fv2%2Fmedia&parent=62"}],"curies":[{"name":"wp","href":"https:\/\/api.w.org\/{rel}","templated":true}]}}