{"id":47,"date":"2025-02-01T19:22:28","date_gmt":"2025-02-01T18:22:28","guid":{"rendered":"https:\/\/www.kniharstvihradec.cz\/?page_id=47"},"modified":"2025-02-01T19:54:43","modified_gmt":"2025-02-01T18:54:43","slug":"cenik","status":"publish","type":"page","link":"https:\/\/www.kniharstvihradec.cz\/?page_id=47","title":{"rendered":"CEN\u00cdK"},"content":{"rendered":"\n<p><strong>PEVN\u00c1 VAZBA ( diplomov\u00e9 pr\u00e1ce )<\/strong><\/p>\n\n\n\n<figure class=\"wp-block-table\"><table class=\"has-fixed-layout\"><tbody><tr><td class=\"has-text-align-center\" data-align=\"center\">&nbsp;<\/td><td class=\"has-text-align-center\" data-align=\"center\">donesen\u00fd tisk<\/td><td class=\"has-text-align-center\" data-align=\"center\">p\u0159i tisku u n\u00e1s<\/td><\/tr><tr><td class=\"has-text-align-center\" data-align=\"center\">do 4 dn\u016f<\/td><td class=\"has-text-align-center\" data-align=\"center\">250,- K\u010d\/ks<\/td><td class=\"has-text-align-center\" data-align=\"center\">230,- K\u010d\/ks<\/td><\/tr><tr><td class=\"has-text-align-center\" data-align=\"center\">do 3 dn\u016f<\/td><td class=\"has-text-align-center\" data-align=\"center\">290,- K\u010d\/ks<\/td><td class=\"has-text-align-center\" data-align=\"center\">260,- K\u010d\/ks<\/td><\/tr><tr><td class=\"has-text-align-center\" data-align=\"center\">do 2 dn\u016f<\/td><td class=\"has-text-align-center\" data-align=\"center\">300,- K\u010d\/ks<\/td><td class=\"has-text-align-center\" data-align=\"center\">280,- K\u010d\/ks<\/td><\/tr><tr><td class=\"has-text-align-center\" data-align=\"center\">do 24 hodin<\/td><td class=\"has-text-align-center\" data-align=\"center\">320,- K\u010d\/ks<\/td><td class=\"has-text-align-center\" data-align=\"center\">300,- K\u010d\/ks<\/td><\/tr><tr><td class=\"has-text-align-center\" data-align=\"center\">v den zad\u00e1n\u00ed<\/td><td class=\"has-text-align-center\" data-align=\"center\">470,- K\u010d\/ks<\/td><td class=\"has-text-align-center\" data-align=\"center\">450,- K\u010d\/ks<\/td><\/tr><\/tbody><\/table><\/figure>\n\n\n\n<p>V cen\u011b 4 \u0159\u00e1dk\u016f zdarma, ka\u017ed\u00fd dal\u0161\u00ed \u0159\u00e1dek\u00a0 +50,- K\u010d\/\u0159\u00e1dek.<\/p>\n\n\n\n<p>Vazba pouze jednoho kusu +50,-K\u010d.<\/p>\n\n\n\n<p>Poti\u0161t\u011bn\u00ed h\u0159betu\u00a0 +60,- K\u010d.<\/p>\n\n\n\n<p>Kapsa na p\u0159\u00edlohy +50,- K\u010d<\/p>\n\n\n\n<p><\/p>\n\n\n\n<p>Minim\u00e1ln\u00ed doba vazby \u010dinn\u00ed 5h.<\/p>\n\n\n\n<p><strong>Prov\u00e1d\u00edme vazbu a\u017e 500 list\u016f &#8230;<\/strong><\/p>\n\n\n\n<p><strong>P\u0159i vazb\u011b 200 a v\u00edce list\u016f doporu\u010dujeme se 2 dny p\u0159edem domluvit na p\u0159\u00edprav\u011b desek s \u0161ir\u0161\u00edm h\u0159betem.<\/strong><\/p>\n\n\n\n<p><strong>P\u0159i vazb\u011b 200 a v\u00edce list\u016f \u00fa\u010dtujeme p\u0159\u00edplatek od 60,- K\u010d dle celkov\u00e9ho mno\u017estv\u00ed list\u016f.<\/strong><\/p>\n\n\n\n<p>Mo\u017enost skenov\u00e1n\u00ed &#8211; cena dohodou<\/p>\n\n\n\n<p><strong>TISK ( diplomov\u00e9 pr\u00e1ce )<\/strong><\/p>\n\n\n\n<figure class=\"wp-block-table\"><table class=\"has-fixed-layout\"><tbody><tr><td>\u010dernob\u00edl\u00fd text<\/td><td>1,80 K\u010d\/A4<\/td><\/tr><tr><td>barevn\u00fd text<\/td><td>6,00 K\u010d\/A4<\/td><\/tr><tr><td>graf\/barevn\u00fd obr\u00e1zek 20x20cm<\/td><td>20 K\u010d\/ks<\/td><\/tr><tr><td>graf\/barevn\u00fd obr\u00e1zek 15x15cm<\/td><td>18 K\u010d\/ks<\/td><\/tr><tr><td>graf\/barevn\u00fd obr\u00e1zek 10x10cm<\/td><td>14 K\u010d\/ks<\/td><\/tr><tr><td>graf\/barevn\u00fd obr\u00e1zek 5x5cm<\/td><td>8 K\u010d\/ks<\/td><\/tr><\/tbody><\/table><\/figure>\n\n\n\n<p><strong>KROU\u017dKOV\u00c1 VAZBA<\/strong><\/p>\n\n\n\n<figure class=\"wp-block-table\"><table class=\"has-fixed-layout\"><tbody><tr><td>do 20 list\u016f<\/td><td>35,- K\u010d<\/td><\/tr><tr><td>do 40 list\u016f<\/td><td>45,- K\u010d<\/td><\/tr><tr><td>do 60 list\u016f<\/td><td>65,- K\u010d<\/td><\/tr><tr><td>do 80 list\u016f<\/td><td>105,- K\u010d<\/td><\/tr><tr><td>do 110 list\u016f<\/td><td>110,- K\u010d<\/td><\/tr><tr><td>v\u00edce ne\u017e 110 list\u016f<\/td><td>130,- K\u010d<\/td><\/tr><\/tbody><\/table><\/figure>\n\n\n\n<p>Cena je uvedena v\u010detn\u011b p\u0159edn\u00edch i zadn\u00edch desek.<\/p>\n\n\n\n<p><strong>TERMO VAZBA<\/strong><\/p>\n\n\n\n<p>Cena za jeden kus 60 K\u010d ( maxim\u00e1ln\u011b 200 list\u016f )<\/p>\n\n\n\n<p><strong>TISK PROMO\u010cN\u00cdCH OZN\u00c1MEN\u00cd<\/strong><\/p>\n\n\n\n<figure class=\"wp-block-table\"><table><tbody><tr><td>Typ<\/td><td>Barva<\/td><td>Min.Odb\u011br<\/td><td>Cena<\/td><\/tr><tr><td>jednoduch\u00fd<\/td><td>\u010dern\u00e1<\/td><td>15 ks<\/td><td>od 14,- K\u010d\/kus<\/td><\/tr><tr><td>skl\u00e1dan\u00fd<\/td><td>\u010dern\u00e1<\/td><td>15 ks<\/td><td>od 16,- K\u010d\/kus<\/td><\/tr><tr><td>jednoduch\u00fd\/skl\u00e1dan\u00fd<\/td><td>zlat\u00e1<\/td><td>30 ks<\/td><td>od 23,- K\u010d\/kus<\/td><\/tr><\/tbody><\/table><\/figure>\n","protected":false},"excerpt":{"rendered":"<p>PEVN\u00c1 VAZBA ( diplomov\u00e9 pr\u00e1ce ) &nbsp; donesen\u00fd tisk p\u0159i tisku u n\u00e1s do 4 dn\u016f 250,- K\u010d\/ks 230,- K\u010d\/ks do 3 dn\u016f 290,- K\u010d\/ks 260,- K\u010d\/ks do 2 dn\u016f 300,- K\u010d\/ks 280,- K\u010d\/ks do 24 hodin 320,- K\u010d\/ks 300,- K\u010d\/ks v den zad\u00e1n\u00ed 470,- K\u010d\/ks 450,- K\u010d\/ks V cen\u011b 4 \u0159\u00e1dk\u016f zdarma, ka\u017ed\u00fd dal\u0161\u00ed [&hellip;]<\/p>\n","protected":false},"author":1,"featured_media":0,"parent":0,"menu_order":0,"comment_status":"closed","ping_status":"closed","template":"","meta":{"footnotes":""},"class_list":["post-47","page","type-page","status-publish","hentry","entry"],"_links":{"self":[{"href":"https:\/\/www.kniharstvihradec.cz\/index.php?rest_route=\/wp\/v2\/pages\/47","targetHints":{"allow":["GET"]}}],"collection":[{"href":"https:\/\/www.kniharstvihradec.cz\/index.php?rest_route=\/wp\/v2\/pages"}],"about":[{"href":"https:\/\/www.kniharstvihradec.cz\/index.php?rest_route=\/wp\/v2\/types\/page"}],"author":[{"embeddable":true,"href":"https:\/\/www.kniharstvihradec.cz\/index.php?rest_route=\/wp\/v2\/users\/1"}],"replies":[{"embeddable":true,"href":"https:\/\/www.kniharstvihradec.cz\/index.php?rest_route=%2Fwp%2Fv2%2Fcomments&post=47"}],"version-history":[{"count":3,"href":"https:\/\/www.kniharstvihradec.cz\/index.php?rest_route=\/wp\/v2\/pages\/47\/revisions"}],"predecessor-version":[{"id":61,"href":"https:\/\/www.kniharstvihradec.cz\/index.php?rest_route=\/wp\/v2\/pages\/47\/revisions\/61"}],"wp:attachment":[{"href":"https:\/\/www.kniharstvihradec.cz\/index.php?rest_route=%2Fwp%2Fv2%2Fmedia&parent=47"}],"curies":[{"name":"wp","href":"https:\/\/api.w.org\/{rel}","templated":true}]}}