{"id":36,"date":"2025-02-01T19:02:37","date_gmt":"2025-02-01T18:02:37","guid":{"rendered":"https:\/\/www.kniharstvihradec.cz\/?page_id=36"},"modified":"2025-02-01T19:02:37","modified_gmt":"2025-02-01T18:02:37","slug":"formatovani-a-korektura","status":"publish","type":"page","link":"https:\/\/www.kniharstvihradec.cz\/?page_id=36","title":{"rendered":"Form\u00e1tov\u00e1n\u00ed a korektura"},"content":{"rendered":"\n<p><strong>FORM\u00c1TOV\u00c1N\u00cd PRAC\u00cd<\/strong><\/p>\n\n\n\n<p>Nab\u00edz\u00edme mo\u017enost nechat si pr\u00e1ci je\u0161t\u011b p\u0159ed tiskem a vazbou naform\u00e1tovat. Sta\u010d\u00ed zaslat text pr\u00e1ce ve Wordu a metodick\u00e9 pokyny k vypracov\u00e1n\u00ed bakal\u00e1\u0159sk\u00e9 \/ diplomov\u00e9 pr\u00e1ce. Va\u0161i pr\u00e1ci uprav\u00edme p\u0159esn\u011b dle zaslan\u00fdch po\u017eadavk\u016f. Jako v\u00fdsledek obdr\u017e\u00edte opraven\u00fd Word dokument i PDF soubor ur\u010den\u00fd p\u0159\u00edmo pro tisk a vazbu.<\/p>\n\n\n\n<p><strong>JAK POSTUPOVAT<\/strong><\/p>\n\n\n\n<ol start=\"1\" class=\"wp-block-list\">\n<li>Na str\u00e1nk\u00e1ch\u00a0<a href=\"https:\/\/formatovani-dokumentu.cz\/formatovani-praci\/?a=1716\">https:\/\/formatovani-dokumentu.cz\/formatovani-praci<\/a> si vyberte n\u011bkter\u00fd z nab\u00edzen\u00fdch tarif\u016f<\/li>\n\n\n\n<li>Vytvo\u0159te a dokon\u010dete objedn\u00e1vku<\/li>\n\n\n\n<li>Sta\u010d\u00ed pak po\u010dkat na jej\u00ed vyhotoven\u00ed, abyste z\u00edskali PDF vhodn\u00e9 pro tisk<\/li>\n<\/ol>\n\n\n\n<p><strong>JAZYKOV\u00c1 A GRAMATICK\u00c1 KOREKTURA<\/strong><\/p>\n\n\n\n<p>Obdobn\u011b nab\u00edz\u00edme mo\u017enost nechat si pr\u00e1ci opravit formou jazykov\u00e9 a gramatick\u00e9 korektury. Pokud si nejste jist\u00ed pravopisem, je tato varianta p\u0159esn\u011b pro V\u00e1s. Jako v\u00fdsledek obdr\u017e\u00edte opraven\u00fd Word dokument, kde bude vyzna\u010dena historie opraven\u00fdch chyb. Z\u00edsk\u00e1te tedy jak opravenou pr\u00e1ci, tak i zp\u011btnou vazbu chyb, kter\u00e9 v textu byly nalezeny.<\/p>\n\n\n\n<p><strong>JAK POSTUPOVAT<\/strong><\/p>\n\n\n\n<ol start=\"1\" class=\"wp-block-list\">\n<li>Na str\u00e1nk\u00e1ch\u00a0<a href=\"https:\/\/formatovani-dokumentu.cz\/gramaticka-jazykova-korektura\/?a=1716\">https:\/\/formatovani-dokumentu.cz\/gramaticka-jazykova-korektura<\/a>\u00a0 si vyberte n\u011bkter\u00fd z nab\u00edzen\u00fdch tarif\u016f<\/li>\n\n\n\n<li>Vytvo\u0159te a dokon\u010dete objedn\u00e1vku<\/li>\n\n\n\n<li>Sta\u010d\u00ed pak po\u010dkat na jej\u00ed vyhotoven\u00ed, abyste z\u00edskali opraven\u00fd text pr\u00e1ce<\/li>\n<\/ol>\n","protected":false},"excerpt":{"rendered":"<p>FORM\u00c1TOV\u00c1N\u00cd PRAC\u00cd Nab\u00edz\u00edme mo\u017enost nechat si pr\u00e1ci je\u0161t\u011b p\u0159ed tiskem a vazbou naform\u00e1tovat. Sta\u010d\u00ed zaslat text pr\u00e1ce ve Wordu a metodick\u00e9 pokyny k vypracov\u00e1n\u00ed bakal\u00e1\u0159sk\u00e9 \/ diplomov\u00e9 pr\u00e1ce. Va\u0161i pr\u00e1ci uprav\u00edme p\u0159esn\u011b dle zaslan\u00fdch po\u017eadavk\u016f. Jako v\u00fdsledek obdr\u017e\u00edte opraven\u00fd Word dokument i PDF soubor ur\u010den\u00fd p\u0159\u00edmo pro tisk a vazbu. JAK POSTUPOVAT JAZYKOV\u00c1 A GRAMATICK\u00c1 [&hellip;]<\/p>\n","protected":false},"author":1,"featured_media":0,"parent":0,"menu_order":0,"comment_status":"closed","ping_status":"closed","template":"","meta":{"footnotes":""},"class_list":["post-36","page","type-page","status-publish","hentry","entry"],"_links":{"self":[{"href":"https:\/\/www.kniharstvihradec.cz\/index.php?rest_route=\/wp\/v2\/pages\/36","targetHints":{"allow":["GET"]}}],"collection":[{"href":"https:\/\/www.kniharstvihradec.cz\/index.php?rest_route=\/wp\/v2\/pages"}],"about":[{"href":"https:\/\/www.kniharstvihradec.cz\/index.php?rest_route=\/wp\/v2\/types\/page"}],"author":[{"embeddable":true,"href":"https:\/\/www.kniharstvihradec.cz\/index.php?rest_route=\/wp\/v2\/users\/1"}],"replies":[{"embeddable":true,"href":"https:\/\/www.kniharstvihradec.cz\/index.php?rest_route=%2Fwp%2Fv2%2Fcomments&post=36"}],"version-history":[{"count":1,"href":"https:\/\/www.kniharstvihradec.cz\/index.php?rest_route=\/wp\/v2\/pages\/36\/revisions"}],"predecessor-version":[{"id":37,"href":"https:\/\/www.kniharstvihradec.cz\/index.php?rest_route=\/wp\/v2\/pages\/36\/revisions\/37"}],"wp:attachment":[{"href":"https:\/\/www.kniharstvihradec.cz\/index.php?rest_route=%2Fwp%2Fv2%2Fmedia&parent=36"}],"curies":[{"name":"wp","href":"https:\/\/api.w.org\/{rel}","templated":true}]}}