{"id":28,"date":"2025-02-01T18:50:18","date_gmt":"2025-02-01T17:50:18","guid":{"rendered":"https:\/\/www.kniharstvihradec.cz\/?page_id=28"},"modified":"2026-02-27T16:10:09","modified_gmt":"2026-02-27T15:10:09","slug":"kontakt","status":"publish","type":"page","link":"https:\/\/www.kniharstvihradec.cz\/?page_id=28","title":{"rendered":"Kontakt"},"content":{"rendered":"\n<p class=\"has-medium-font-size\"><strong>Kontakt:<\/strong><\/p>\n\n\n\n<figure class=\"wp-block-table\"><table class=\"has-fixed-layout\"><tbody><tr><td class=\"has-text-align-center\" data-align=\"center\">721 942 966<\/td><td class=\"has-text-align-center\" data-align=\"center\">777 907 694<\/td><td class=\"has-text-align-center\" data-align=\"center\">604 131 196<\/td><\/tr><\/tbody><\/table><\/figure>\n\n\n\n<p class=\"has-text-align-center has-medium-font-size\"><a href=\"mailto:kniharstvihk@seznam.cz\">kniharstvihk@seznam.cz<\/a><\/p>\n\n\n\n<hr class=\"wp-block-separator has-text-color has-black-color has-alpha-channel-opacity has-black-background-color has-background is-style-default\"\/>\n\n\n\n<p class=\"has-medium-font-size\"><strong>Provozn\u00ed doba<\/strong><\/p>\n\n\n\n<p class=\"has-medium-font-size\"><strong><em>Mimo uvedenou dobu po p\u0159edchoz\u00ed domluv\u011b.<\/em><\/strong><\/p>\n\n\n\n<figure class=\"wp-block-table\"><table class=\"has-fixed-layout\"><tbody><tr><td class=\"has-text-align-center\" data-align=\"center\">Pond\u011bl\u00ed<\/td><td class=\"has-text-align-center\" data-align=\"center\">9:00 &#8211; 13:00<\/td><\/tr><tr><td class=\"has-text-align-center\" data-align=\"center\">\u00dater\u00fd<\/td><td class=\"has-text-align-center\" data-align=\"center\">13:00 &#8211; 17:00<\/td><\/tr><tr><td class=\"has-text-align-center\" data-align=\"center\">St\u0159eda<\/td><td class=\"has-text-align-center\" data-align=\"center\">9:00 &#8211; 13:00<\/td><\/tr><tr><td class=\"has-text-align-center\" data-align=\"center\">\u010ctvrtek<\/td><td class=\"has-text-align-center\" data-align=\"center\">13:00 &#8211; 17:00<\/td><\/tr><tr><td class=\"has-text-align-center\" data-align=\"center\">P\u00e1tek<\/td><td class=\"has-text-align-center\" data-align=\"center\">9:00 &#8211; 13:00<\/td><\/tr><\/tbody><\/table><\/figure>\n\n\n\n<p><\/p>\n\n\n\n<p class=\"has-medium-font-size\"><strong>Najdete n\u00e1 na adrese &#8230; \u010cajkovsk\u00e9ho 909\/1 v Hradci Kr\u00e1lov\u00e9<\/strong><\/p>\n\n\n\n<iframe loading=\"lazy\" style=\"border:none\" src=\"https:\/\/frame.mapy.cz\/s\/jatakafapu\" width=\"400\" height=\"280\" frameborder=\"0\"><\/iframe>\n\n\n\n<p><\/p>\n\n\n\n<p><\/p>\n","protected":false},"excerpt":{"rendered":"<p>Kontakt: 721 942 966 777 907 694 604 131 196 kniharstvihk@seznam.cz Provozn\u00ed doba Mimo uvedenou dobu po p\u0159edchoz\u00ed domluv\u011b. Pond\u011bl\u00ed 9:00 &#8211; 13:00 \u00dater\u00fd 13:00 &#8211; 17:00 St\u0159eda 9:00 &#8211; 13:00 \u010ctvrtek 13:00 &#8211; 17:00 P\u00e1tek 9:00 &#8211; 13:00 Najdete n\u00e1 na adrese &#8230; \u010cajkovsk\u00e9ho 909\/1 v Hradci Kr\u00e1lov\u00e9<\/p>\n","protected":false},"author":1,"featured_media":0,"parent":0,"menu_order":0,"comment_status":"closed","ping_status":"closed","template":"","meta":{"footnotes":""},"class_list":["post-28","page","type-page","status-publish","hentry","entry"],"_links":{"self":[{"href":"https:\/\/www.kniharstvihradec.cz\/index.php?rest_route=\/wp\/v2\/pages\/28","targetHints":{"allow":["GET"]}}],"collection":[{"href":"https:\/\/www.kniharstvihradec.cz\/index.php?rest_route=\/wp\/v2\/pages"}],"about":[{"href":"https:\/\/www.kniharstvihradec.cz\/index.php?rest_route=\/wp\/v2\/types\/page"}],"author":[{"embeddable":true,"href":"https:\/\/www.kniharstvihradec.cz\/index.php?rest_route=\/wp\/v2\/users\/1"}],"replies":[{"embeddable":true,"href":"https:\/\/www.kniharstvihradec.cz\/index.php?rest_route=%2Fwp%2Fv2%2Fcomments&post=28"}],"version-history":[{"count":6,"href":"https:\/\/www.kniharstvihradec.cz\/index.php?rest_route=\/wp\/v2\/pages\/28\/revisions"}],"predecessor-version":[{"id":76,"href":"https:\/\/www.kniharstvihradec.cz\/index.php?rest_route=\/wp\/v2\/pages\/28\/revisions\/76"}],"wp:attachment":[{"href":"https:\/\/www.kniharstvihradec.cz\/index.php?rest_route=%2Fwp%2Fv2%2Fmedia&parent=28"}],"curies":[{"name":"wp","href":"https:\/\/api.w.org\/{rel}","templated":true}]}}